{"id":1311,"date":"2021-09-15T10:45:42","date_gmt":"2021-09-15T08:45:42","guid":{"rendered":"https:\/\/eclipsesav.com\/?page_id=1311"},"modified":"2023-04-20T12:05:04","modified_gmt":"2023-04-20T16:05:04","slug":"audiovisual-event-service","status":"publish","type":"page","link":"https:\/\/eclipsesav.com\/en\/audiovisuel\/","title":{"rendered":"Audiovisual"},"content":{"rendered":"<p><section class=\"fusion-fullwidth fullwidth-box fusion-builder-row-1 has-pattern-background has-mask-background hundred-percent-fullwidth non-hundred-percent-height-scrolling\" style=\"--awb-border-radius-top-left:0px;--awb-border-radius-top-right:0px;--awb-border-radius-bottom-right:0px;--awb-border-radius-bottom-left:0px;--awb-overflow:hidden;--awb-padding-top:0px;--awb-padding-right:0px;--awb-padding-bottom:0px;--awb-padding-left:0px;--awb-margin-top:0px;--awb-margin-bottom:0px;--awb-flex-wrap:wrap;\" ><div class=\"fusion-builder-row fusion-row\"><div class=\"fusion-layout-column fusion_builder_column fusion-builder-column-0 fusion_builder_column_1_1 1_1 fusion-one-full fusion-column-first fusion-column-last\" style=\"--awb-bg-size:cover;\"><div class=\"fusion-column-wrapper fusion-column-has-shadow fusion-flex-column-wrapper-legacy\"><div class=\"fusion-text fusion-text-1\"><pre><\/pre>\n<pre>\r\n<div class=\"fusion-video fusion-selfhosted-video\" style=\"max-width:100%;\"><div class=\"video-wrapper\"><video playsinline=\"true\" width=\"100%\" style=\"object-fit: cover;\" autoplay=\"true\" muted=\"true\" loop=\"true\" preload=\"auto\"><source src=\"https:\/\/eclipsesav.com\/wp-content\/uploads\/2021\/01\/Service-Audiovisuel-ver5-anglais.mp4\" type=\"video\/mp4\">Sorry, your browser doesn&#039;t support embedded videos.<\/video><\/div><\/div><\/pre>\n<pre><\/pre>\n<\/div><div class=\"fusion-clearfix\"><\/div><\/div><\/div><\/div><\/section><section class=\"fusion-fullwidth fullwidth-box fusion-builder-row-2 has-pattern-background has-mask-background nonhundred-percent-fullwidth non-hundred-percent-height-scrolling\" style=\"--awb-background-position:left top;--awb-border-sizes-top:0px;--awb-border-sizes-bottom:0px;--awb-border-sizes-left:0px;--awb-border-sizes-right:0px;--awb-border-radius-top-left:0px;--awb-border-radius-top-right:0px;--awb-border-radius-bottom-right:0px;--awb-border-radius-bottom-left:0px;--awb-padding-bottom:20px;--awb-margin-bottom:0px;--awb-background-color:#ffffff;--awb-flex-wrap:wrap;\" ><div class=\"fusion-builder-row fusion-row\"><div class=\"fusion-layout-column fusion_builder_column fusion-builder-column-1 fusion_builder_column_1_1 1_1 fusion-one-full fusion-column-first fusion-column-last\" style=\"--awb-padding-top:40px;--awb-bg-size:cover;--awb-margin-bottom:25px;\"><div class=\"fusion-column-wrapper fusion-column-has-shadow fusion-flex-column-wrapper-legacy\"><div class=\"fusion-title title fusion-title-1 fusion-sep-none fusion-title-text fusion-title-size-one\" style=\"--awb-margin-top-small:10px;--awb-margin-right-small:0px;--awb-margin-bottom-small:10px;--awb-margin-left-small:0px;\"><h1 class=\"fusion-title-heading title-heading-left fusion-responsive-typography-calculated\" style=\"margin:0;--fontSize:38;line-height:1.40;\">Audio Visual Event Service<\/h1><\/div><div class=\"fusion-text fusion-text-2\"><p>We are a company specializing in audiovisual technology that stands out through the personalized support and supervision of our customers.<\/p>\n<p>Whether it is for a training course, a congress, a gala evening, or any other activity, we will advise you in the choice of the audiovisual solution and technical equipment adapted to your needs and your budget.<\/p>\n<\/div><div class=\"fusion-clearfix\"><\/div><\/div><\/div><\/div><\/section><section class=\"fusion-fullwidth fullwidth-box fusion-builder-row-3 fusion-flex-container has-pattern-background has-mask-background nonhundred-percent-fullwidth non-hundred-percent-height-scrolling\" style=\"--awb-background-position:left top;--awb-border-sizes-top:0px;--awb-border-sizes-bottom:0px;--awb-border-sizes-left:0px;--awb-border-sizes-right:0px;--awb-border-radius-top-left:0px;--awb-border-radius-top-right:0px;--awb-border-radius-bottom-right:0px;--awb-border-radius-bottom-left:0px;--awb-padding-top:0px;--awb-padding-bottom:2%;--awb-margin-top:0px;--awb-background-color:#ffffff;--awb-flex-wrap:wrap;\" ><div class=\"fusion-builder-row fusion-row fusion-flex-align-items-center fusion-flex-content-wrap\" style=\"max-width:calc( 1170px + 0px );margin-left: calc(-0px \/ 2 );margin-right: calc(-0px \/ 2 );\"><div class=\"fusion-layout-column fusion_builder_column fusion-builder-column-2 fusion_builder_column_1_1 1_1 fusion-flex-column\" style=\"--awb-bg-size:cover;--awb-width-large:100%;--awb-margin-top-large:0px;--awb-spacing-right-large:0px;--awb-margin-bottom-large:0px;--awb-spacing-left-large:0px;--awb-width-medium:100%;--awb-order-medium:0;--awb-spacing-right-medium:0px;--awb-spacing-left-medium:0px;--awb-width-small:100%;--awb-order-small:0;--awb-spacing-right-small:0px;--awb-spacing-left-small:0px;\"><div class=\"fusion-column-wrapper fusion-column-has-shadow fusion-flex-justify-content-flex-start fusion-content-layout-column\"><div class=\"fusion-title title fusion-title-2 fusion-sep-none fusion-title-highlight fusion-animate-once fusion-highlight-underline fusion-title-size-two\" style=\"--awb-highlight-color:#e4a038;--awb-highlight-top-margin:9px;--awb-margin-bottom:30px;--awb-margin-top-small:10px;--awb-margin-right-small:0px;--awb-margin-bottom-small:10px;--awb-margin-left-small:0px;\" data-highlight=\"underline\"><h2 class=\"fusion-title-heading title-heading-left fusion-responsive-typography-calculated\" style=\"margin:0;--fontSize:32;line-height:1.31;\"><span class=\"fusion-highlighted-text-prefix\"><\/span> <span class=\"fusion-highlighted-text-wrapper\"><span class=\"fusion-highlighted-text\">Professionalism and recognized expertise<\/span><svg xmlns=\"http:\/\/www.w3.org\/2000\/svg\" viewbox=\"0 0 500 150\" preserveaspectratio=\"none\"><path d=\"M8.1,146.2c0,0,240.6-55.6,479-13.8\"><\/path><\/svg><\/span> <span class=\"fusion-highlighted-text-postfix\"><\/span><\/h2><\/div><div class=\"fusion-text fusion-text-3\"><p>The equipment is chosen with care, while pushing the latest technological and ecological standards with dynamic, professional and proactive staff. <a href=\"https:\/\/eclipsesav.com\/en\/our-team\/\" target=\"_blank\" rel=\"noopener noreferrer\">personnel<\/a> dynamique, professionnel et proactif.<\/p>\n<\/div><\/div><\/div><div class=\"fusion-layout-column fusion_builder_column fusion-builder-column-3 fusion_builder_column_3_5 3_5 fusion-flex-column\" style=\"--awb-bg-size:cover;--awb-width-large:60%;--awb-margin-top-large:0px;--awb-spacing-right-large:0px;--awb-margin-bottom-large:25px;--awb-spacing-left-large:0px;--awb-width-medium:100%;--awb-order-medium:0;--awb-spacing-right-medium:0px;--awb-spacing-left-medium:0px;--awb-width-small:100%;--awb-order-small:0;--awb-spacing-right-small:0px;--awb-spacing-left-small:0px;\"><div class=\"fusion-column-wrapper fusion-column-has-shadow fusion-flex-justify-content-flex-start fusion-content-layout-column\"><div class=\"fusion-title title fusion-title-3 fusion-sep-none fusion-title-text fusion-title-size-three\" style=\"--awb-margin-top-small:10px;--awb-margin-right-small:0px;--awb-margin-bottom-small:10px;--awb-margin-left-small:0px;\"><h3 class=\"fusion-title-heading title-heading-left fusion-responsive-typography-calculated\" style=\"margin:0;--fontSize:24;line-height:1.45;\">All your technical needs can be met:<\/h3><\/div><div class=\"fusion-builder-row fusion-builder-row-inner fusion-row fusion-flex-align-items-center fusion-flex-content-wrap\" style=\"--awb-flex-grow:0;--awb-flex-grow-medium:0;--awb-flex-grow-small:0;--awb-flex-shrink:0;--awb-flex-shrink-medium:0;--awb-flex-shrink-small:0;width:calc( 100% + 0px ) !important;max-width:calc( 100% + 0px ) !important;margin-left: calc(-0px \/ 2 );margin-right: calc(-0px \/ 2 );\"><div class=\"fusion-layout-column fusion_builder_column_inner fusion-builder-nested-column-0 fusion_builder_column_inner_1_2 1_2 fusion-flex-column fusion-flex-align-self-flex-start\" style=\"--awb-bg-size:cover;--awb-width-large:50%;--awb-margin-top-large:0px;--awb-spacing-right-large:0px;--awb-margin-bottom-large:0px;--awb-spacing-left-large:0px;--awb-width-medium:100%;--awb-order-medium:0;--awb-spacing-right-medium:0px;--awb-spacing-left-medium:0px;--awb-width-small:100%;--awb-order-small:0;--awb-spacing-right-small:0px;--awb-spacing-left-small:0px;\"><div class=\"fusion-column-wrapper fusion-column-has-shadow fusion-flex-justify-content-flex-start fusion-content-layout-column\"><ul style=\"--awb-size:18px;--awb-iconcolor:var(--awb-color5);--awb-line-height:30.6px;--awb-icon-width:30.6px;--awb-icon-height:30.6px;--awb-icon-margin:12.6px;--awb-content-margin:43.2px;\" class=\"fusion-checklist fusion-checklist-1 fusion-checklist-default type-icons\"><li class=\"fusion-li-item\" style=\"\"><span class=\"icon-wrapper circle-no\"><i class=\"fusion-li-icon fa-circle fas\" aria-hidden=\"true\"><\/i><\/span><div class=\"fusion-li-item-content\">Design<\/div><\/li><li class=\"fusion-li-item\" style=\"\"><span class=\"icon-wrapper circle-no\"><i class=\"fusion-li-icon fa-circle fas\" aria-hidden=\"true\"><\/i><\/span><div class=\"fusion-li-item-content\">Sound<\/div><\/li><li class=\"fusion-li-item\" style=\"\"><span class=\"icon-wrapper circle-no\"><i class=\"fusion-li-icon fa-circle fas\" aria-hidden=\"true\"><\/i><\/span><div class=\"fusion-li-item-content\">Technical direction<\/div><\/li><\/ul><\/div><\/div><div class=\"fusion-layout-column fusion_builder_column_inner fusion-builder-nested-column-1 fusion_builder_column_inner_1_2 1_2 fusion-flex-column fusion-flex-align-self-flex-start\" style=\"--awb-bg-size:cover;--awb-width-large:50%;--awb-margin-top-large:0px;--awb-spacing-right-large:0px;--awb-margin-bottom-large:0px;--awb-spacing-left-large:0px;--awb-width-medium:100%;--awb-order-medium:0;--awb-spacing-right-medium:0px;--awb-spacing-left-medium:0px;--awb-width-small:100%;--awb-order-small:0;--awb-spacing-right-small:0px;--awb-spacing-left-small:0px;\"><div class=\"fusion-column-wrapper fusion-column-has-shadow fusion-flex-justify-content-flex-start fusion-content-layout-column\"><ul style=\"--awb-size:18px;--awb-iconcolor:var(--awb-color5);--awb-line-height:30.6px;--awb-icon-width:30.6px;--awb-icon-height:30.6px;--awb-icon-margin:12.6px;--awb-content-margin:43.2px;\" class=\"fusion-checklist fusion-checklist-2 fusion-checklist-default type-icons\"><li class=\"fusion-li-item\" style=\"\"><span class=\"icon-wrapper circle-no\"><i class=\"fusion-li-icon fa-circle fas\" aria-hidden=\"true\"><\/i><\/span><div class=\"fusion-li-item-content\">Projection<\/div><\/li><li class=\"fusion-li-item\" style=\"\"><span class=\"icon-wrapper circle-no\"><i class=\"fusion-li-icon fa-circle fas\" aria-hidden=\"true\"><\/i><\/span><div class=\"fusion-li-item-content\">Lighting<\/div><\/li><\/ul><\/div><\/div><\/div><\/div><\/div><div class=\"fusion-layout-column fusion_builder_column fusion-builder-column-4 fusion_builder_column_2_5 2_5 fusion-flex-column fusion-no-small-visibility fusion-no-medium-visibility\" style=\"--awb-bg-size:cover;--awb-width-large:40%;--awb-margin-top-large:35px;--awb-spacing-right-large:0px;--awb-margin-bottom-large:0px;--awb-spacing-left-large:0px;--awb-width-medium:100%;--awb-order-medium:0;--awb-spacing-right-medium:0px;--awb-spacing-left-medium:0px;--awb-width-small:100%;--awb-order-small:0;--awb-spacing-right-small:0px;--awb-spacing-left-small:0px;\"><div class=\"fusion-column-wrapper fusion-column-has-shadow fusion-flex-justify-content-flex-start fusion-content-layout-column\"><div class=\"fusion-image-element\" style=\"text-align:left;--awb-margin-right:0px;--awb-margin-left:0px;--awb-caption-title-font-family:var(--h2_typography-font-family);--awb-caption-title-font-weight:var(--h2_typography-font-weight);--awb-caption-title-font-style:var(--h2_typography-font-style);--awb-caption-title-size:var(--h2_typography-font-size);--awb-caption-title-transform:var(--h2_typography-text-transform);--awb-caption-title-line-height:var(--h2_typography-line-height);--awb-caption-title-letter-spacing:var(--h2_typography-letter-spacing);\"><span class=\"fusion-imageframe imageframe-none imageframe-1 hover-type-none\"><img decoding=\"async\" width=\"2560\" height=\"1440\" alt=\"Audiovisual\" title=\"Audiovisual\" src=\"https:\/\/eclipsesav.com\/wp-content\/uploads\/2020\/12\/1-CSA-full-v3-scaled.jpg\" data-orig-src=\"https:\/\/eclipsesav.com\/wp-content\/uploads\/2020\/12\/1-CSA-full-v3-scaled.jpg\" class=\"lazyload img-responsive wp-image-2394\" srcset=\"data:image\/svg+xml,%3Csvg%20xmlns%3D%27http%3A%2F%2Fwww.w3.org%2F2000%2Fsvg%27%20width%3D%272560%27%20height%3D%271440%27%20viewBox%3D%270%200%202560%201440%27%3E%3Crect%20width%3D%272560%27%20height%3D%271440%27%20fill-opacity%3D%220%22%2F%3E%3C%2Fsvg%3E\" data-srcset=\"https:\/\/eclipsesav.com\/wp-content\/uploads\/2020\/12\/1-CSA-full-v3-200x113.jpg 200w, https:\/\/eclipsesav.com\/wp-content\/uploads\/2020\/12\/1-CSA-full-v3-400x225.jpg 400w, https:\/\/eclipsesav.com\/wp-content\/uploads\/2020\/12\/1-CSA-full-v3-600x338.jpg 600w, https:\/\/eclipsesav.com\/wp-content\/uploads\/2020\/12\/1-CSA-full-v3-800x450.jpg 800w, https:\/\/eclipsesav.com\/wp-content\/uploads\/2020\/12\/1-CSA-full-v3-1200x675.jpg 1200w, https:\/\/eclipsesav.com\/wp-content\/uploads\/2020\/12\/1-CSA-full-v3-scaled.jpg 2560w\" data-sizes=\"auto\" data-orig-sizes=\"(max-width: 1024px) 100vw, (max-width: 640px) 100vw, 600px\" \/><\/span><\/div><\/div><\/div><div class=\"fusion-layout-column fusion_builder_column fusion-builder-column-5 fusion_builder_column_1_1 1_1 fusion-flex-column\" style=\"--awb-padding-top:30px;--awb-bg-size:cover;--awb-width-large:100%;--awb-margin-top-large:0px;--awb-spacing-right-large:0px;--awb-margin-bottom-large:25px;--awb-spacing-left-large:0px;--awb-width-medium:100%;--awb-order-medium:0;--awb-spacing-right-medium:0px;--awb-spacing-left-medium:0px;--awb-width-small:100%;--awb-order-small:0;--awb-spacing-right-small:0px;--awb-spacing-left-small:0px;\"><div class=\"fusion-column-wrapper fusion-column-has-shadow fusion-flex-justify-content-flex-start fusion-content-layout-column\"><div class=\"fusion-text fusion-text-4\"><p><a href=\"https:\/\/www.facebook.com\/media\/set\/?vanity=354264094643282&amp;set=a.994420487294303\" target=\"_blank\" rel=\"noopener noreferrer\">We offer you high quality personalized service to showcase your final product.<\/a><\/p>\n<p>We can also get involved from the start of the project with support for the visit and the choice of the room. The layout with 2D or 3D plans, in order to validate the capacities and confirm the choice of technical equipment.<\/p>\n<\/div><div class=\"fusion-title title fusion-title-4 fusion-no-small-visibility fusion-no-medium-visibility fusion-sep-none fusion-title-highlight fusion-animate-once fusion-highlight-underline fusion-title-size-three\" style=\"--awb-highlight-color:#e4a038;--awb-highlight-top-margin:9px;--awb-margin-top:30px;--awb-margin-top-small:10px;--awb-margin-right-small:0px;--awb-margin-bottom-small:10px;--awb-margin-left-small:0px;\" data-highlight=\"underline\"><h3 class=\"fusion-title-heading title-heading-left fusion-responsive-typography-calculated\" style=\"margin:0;--fontSize:24;line-height:1.45;\"><span class=\"fusion-highlighted-text-prefix\">With our offices in <\/span> <span class=\"fusion-highlighted-text-wrapper\"><span class=\"fusion-highlighted-text\">Montreal and Quebec<\/span><svg xmlns=\"http:\/\/www.w3.org\/2000\/svg\" viewbox=\"0 0 500 150\" preserveaspectratio=\"none\"><path d=\"M8.1,146.2c0,0,240.6-55.6,479-13.8\"><\/path><\/svg><\/span> <span class=\"fusion-highlighted-text-postfix\">region, we are able to serve several regions of the province.<\/span><\/h3><\/div><div class=\"fusion-title title fusion-title-5 fusion-no-large-visibility fusion-sep-none fusion-title-highlight fusion-animate-once fusion-highlight-underline fusion-title-size-three\" style=\"--awb-highlight-color:#e4a038;--awb-highlight-top-margin:9px;--awb-margin-top:30px;--awb-margin-top-small:10px;--awb-margin-right-small:0px;--awb-margin-bottom-small:10px;--awb-margin-left-small:0px;\" data-highlight=\"underline\"><h3 class=\"fusion-title-heading title-heading-left fusion-responsive-typography-calculated\" style=\"margin:0;--fontSize:24;line-height:2.5;\"><span class=\"fusion-highlighted-text-prefix\">With our offices in <\/span> <span class=\"fusion-highlighted-text-wrapper\"><span class=\"fusion-highlighted-text\">Montreal and Quebec<\/span><svg xmlns=\"http:\/\/www.w3.org\/2000\/svg\" viewbox=\"0 0 500 150\" preserveaspectratio=\"none\"><path d=\"M8.1,146.2c0,0,240.6-55.6,479-13.8\"><\/path><\/svg><\/span> <span class=\"fusion-highlighted-text-postfix\">region, we are able to serve several regions of the province.<\/span><\/h3><\/div><\/div><\/div><\/div><\/section><\/p>","protected":false},"excerpt":{"rendered":"","protected":false},"author":1,"featured_media":2394,"parent":0,"menu_order":0,"comment_status":"closed","ping_status":"closed","template":"100-width.php","meta":{"_acf_changed":false,"_monsterinsights_skip_tracking":false,"_monsterinsights_sitenote_active":false,"_monsterinsights_sitenote_note":"","_monsterinsights_sitenote_category":0,"footnotes":""},"class_list":["post-1311","page","type-page","status-publish","has-post-thumbnail","hentry"],"acf":[],"yoast_head":"<!-- This site is optimized with the Yoast SEO plugin v27.4 - https:\/\/yoast.com\/product\/yoast-seo-wordpress\/ -->\n<title>Service audiovisuel \u00e9v\u00e9nementiel - Sonorisation, \u00e9clairage et plus | Eclipse<\/title>\n<meta name=\"description\" content=\"Entreprise sp\u00e9cialis\u00e9e en audiovisuel \u00e9v\u00e9nementiel qui se d\u00e9marque par l\u2019accompagnement et le suivi personnalis\u00e9s aupr\u00e8s de notre client\u00e8le.\" \/>\n<meta name=\"robots\" content=\"index, follow, max-snippet:-1, max-image-preview:large, max-video-preview:-1\" \/>\n<link rel=\"canonical\" href=\"https:\/\/eclipsesav.com\/en\/audiovisual-event-service\/\" \/>\n<meta property=\"og:locale\" content=\"en_US\" \/>\n<meta property=\"og:type\" content=\"article\" \/>\n<meta property=\"og:title\" content=\"Service audiovisuel \u00e9v\u00e9nementiel - Sonorisation, \u00e9clairage et plus | Eclipse\" \/>\n<meta property=\"og:description\" content=\"Entreprise sp\u00e9cialis\u00e9e en audiovisuel \u00e9v\u00e9nementiel qui se d\u00e9marque par l\u2019accompagnement et le suivi personnalis\u00e9s aupr\u00e8s de notre client\u00e8le.\" \/>\n<meta property=\"og:url\" content=\"https:\/\/eclipsesav.com\/en\/audiovisual-event-service\/\" \/>\n<meta property=\"og:site_name\" content=\"\u00c9clipse Solutions AV\" \/>\n<meta property=\"article:publisher\" content=\"https:\/\/www.facebook.com\/profile.php?id=100063453648096\" \/>\n<meta property=\"article:modified_time\" content=\"2023-04-20T16:05:04+00:00\" \/>\n<meta property=\"og:image\" content=\"https:\/\/eclipsesav.com\/wp-content\/uploads\/2020\/12\/1-CSA-full-v3-scaled.jpg\" \/>\n\t<meta property=\"og:image:width\" content=\"2560\" \/>\n\t<meta property=\"og:image:height\" content=\"1440\" \/>\n\t<meta property=\"og:image:type\" content=\"image\/jpeg\" \/>\n<meta name=\"twitter:card\" content=\"summary_large_image\" \/>\n<meta name=\"twitter:label1\" content=\"Est. reading time\" \/>\n\t<meta name=\"twitter:data1\" content=\"27 minutes\" \/>\n<script type=\"application\/ld+json\" class=\"yoast-schema-graph\">{\"@context\":\"https:\\\/\\\/schema.org\",\"@graph\":[{\"@type\":\"WebPage\",\"@id\":\"https:\\\/\\\/eclipsesav.com\\\/audiovisuel\\\/\",\"url\":\"https:\\\/\\\/eclipsesav.com\\\/audiovisuel\\\/\",\"name\":\"Service audiovisuel \u00e9v\u00e9nementiel - Sonorisation, \u00e9clairage et plus | Eclipse\",\"isPartOf\":{\"@id\":\"https:\\\/\\\/eclipsesav.com\\\/en\\\/#website\"},\"primaryImageOfPage\":{\"@id\":\"https:\\\/\\\/eclipsesav.com\\\/audiovisuel\\\/#primaryimage\"},\"image\":{\"@id\":\"https:\\\/\\\/eclipsesav.com\\\/audiovisuel\\\/#primaryimage\"},\"thumbnailUrl\":\"https:\\\/\\\/eclipsesav.com\\\/wp-content\\\/uploads\\\/2020\\\/12\\\/1-CSA-full-v3-scaled.jpg\",\"description\":\"Entreprise sp\u00e9cialis\u00e9e en audiovisuel \u00e9v\u00e9nementiel qui se d\u00e9marque par l\u2019accompagnement et le suivi personnalis\u00e9s aupr\u00e8s de notre client\u00e8le.\",\"breadcrumb\":{\"@id\":\"https:\\\/\\\/eclipsesav.com\\\/audiovisuel\\\/#breadcrumb\"},\"inLanguage\":\"en-CA\",\"potentialAction\":[{\"@type\":\"ReadAction\",\"target\":[\"https:\\\/\\\/eclipsesav.com\\\/audiovisuel\\\/\"]}]},{\"@type\":\"ImageObject\",\"inLanguage\":\"en-CA\",\"@id\":\"https:\\\/\\\/eclipsesav.com\\\/audiovisuel\\\/#primaryimage\",\"url\":\"https:\\\/\\\/eclipsesav.com\\\/wp-content\\\/uploads\\\/2020\\\/12\\\/1-CSA-full-v3-scaled.jpg\",\"contentUrl\":\"https:\\\/\\\/eclipsesav.com\\\/wp-content\\\/uploads\\\/2020\\\/12\\\/1-CSA-full-v3-scaled.jpg\",\"width\":2560,\"height\":1440,\"caption\":\"Audiovisuel\"},{\"@type\":\"BreadcrumbList\",\"@id\":\"https:\\\/\\\/eclipsesav.com\\\/audiovisuel\\\/#breadcrumb\",\"itemListElement\":[{\"@type\":\"ListItem\",\"position\":1,\"name\":\"Accueil\",\"item\":\"https:\\\/\\\/eclipsesav.com\\\/\"},{\"@type\":\"ListItem\",\"position\":2,\"name\":\"Audiovisuel\"}]},{\"@type\":\"WebSite\",\"@id\":\"https:\\\/\\\/eclipsesav.com\\\/en\\\/#website\",\"url\":\"https:\\\/\\\/eclipsesav.com\\\/en\\\/\",\"name\":\"\u00c9clipse Solutions AV\",\"description\":\"Sp\u00e9cialiste en audiovisuel\",\"publisher\":{\"@id\":\"https:\\\/\\\/eclipsesav.com\\\/en\\\/#organization\"},\"potentialAction\":[{\"@type\":\"SearchAction\",\"target\":{\"@type\":\"EntryPoint\",\"urlTemplate\":\"https:\\\/\\\/eclipsesav.com\\\/en\\\/?s={search_term_string}\"},\"query-input\":{\"@type\":\"PropertyValueSpecification\",\"valueRequired\":true,\"valueName\":\"search_term_string\"}}],\"inLanguage\":\"en-CA\"},{\"@type\":\"Organization\",\"@id\":\"https:\\\/\\\/eclipsesav.com\\\/en\\\/#organization\",\"name\":\"Eclipse\",\"url\":\"https:\\\/\\\/eclipsesav.com\\\/en\\\/\",\"logo\":{\"@type\":\"ImageObject\",\"inLanguage\":\"en-CA\",\"@id\":\"https:\\\/\\\/eclipsesav.com\\\/en\\\/#\\\/schema\\\/logo\\\/image\\\/\",\"url\":\"https:\\\/\\\/eclipsesav.com\\\/wp-content\\\/uploads\\\/2024\\\/02\\\/android-chrome-192x192-1.png\",\"contentUrl\":\"https:\\\/\\\/eclipsesav.com\\\/wp-content\\\/uploads\\\/2024\\\/02\\\/android-chrome-192x192-1.png\",\"width\":192,\"height\":192,\"caption\":\"Eclipse\"},\"image\":{\"@id\":\"https:\\\/\\\/eclipsesav.com\\\/en\\\/#\\\/schema\\\/logo\\\/image\\\/\"},\"sameAs\":[\"https:\\\/\\\/www.facebook.com\\\/profile.php?id=100063453648096\"]}]}<\/script>\n<!-- \/ Yoast SEO plugin. -->","yoast_head_json":{"title":"Audiovisual for Corporate Events - AV Services | Eclipse","description":"Company specializing in audiovisual technology that stands out through personalized support. Recognized expertise.","robots":{"index":"index","follow":"follow","max-snippet":"max-snippet:-1","max-image-preview":"max-image-preview:large","max-video-preview":"max-video-preview:-1"},"canonical":"https:\/\/eclipsesav.com\/en\/audiovisual-event-service\/","og_locale":"en_US","og_type":"article","og_title":"Service audiovisuel \u00e9v\u00e9nementiel - Sonorisation, \u00e9clairage et plus | Eclipse","og_description":"Entreprise sp\u00e9cialis\u00e9e en audiovisuel \u00e9v\u00e9nementiel qui se d\u00e9marque par l\u2019accompagnement et le suivi personnalis\u00e9s aupr\u00e8s de notre client\u00e8le.","og_url":"https:\/\/eclipsesav.com\/en\/audiovisual-event-service\/","og_site_name":"\u00c9clipse Solutions AV","article_publisher":"https:\/\/www.facebook.com\/profile.php?id=100063453648096","article_modified_time":"2023-04-20T16:05:04+00:00","og_image":[{"width":2560,"height":1440,"url":"https:\/\/eclipsesav.com\/wp-content\/uploads\/2020\/12\/1-CSA-full-v3-scaled.jpg","type":"image\/jpeg"}],"twitter_card":"summary_large_image","twitter_misc":{"Est. reading time":"27 minutes"},"schema":{"@context":"https:\/\/schema.org","@graph":[{"@type":"WebPage","@id":"https:\/\/eclipsesav.com\/audiovisuel\/","url":"https:\/\/eclipsesav.com\/audiovisuel\/","name":"Audiovisual for Corporate Events - AV Services | Eclipse","isPartOf":{"@id":"https:\/\/eclipsesav.com\/en\/#website"},"primaryImageOfPage":{"@id":"https:\/\/eclipsesav.com\/audiovisuel\/#primaryimage"},"image":{"@id":"https:\/\/eclipsesav.com\/audiovisuel\/#primaryimage"},"thumbnailUrl":"https:\/\/eclipsesav.com\/wp-content\/uploads\/2020\/12\/1-CSA-full-v3-scaled.jpg","description":"Company specializing in audiovisual technology that stands out through personalized support. Recognized expertise.","breadcrumb":{"@id":"https:\/\/eclipsesav.com\/audiovisuel\/#breadcrumb"},"inLanguage":"en-CA","potentialAction":[{"@type":"ReadAction","target":["https:\/\/eclipsesav.com\/audiovisuel\/"]}]},{"@type":"ImageObject","inLanguage":"en-CA","@id":"https:\/\/eclipsesav.com\/audiovisuel\/#primaryimage","url":"https:\/\/eclipsesav.com\/wp-content\/uploads\/2020\/12\/1-CSA-full-v3-scaled.jpg","contentUrl":"https:\/\/eclipsesav.com\/wp-content\/uploads\/2020\/12\/1-CSA-full-v3-scaled.jpg","width":2560,"height":1440,"caption":"Audiovisuel"},{"@type":"BreadcrumbList","@id":"https:\/\/eclipsesav.com\/audiovisuel\/#breadcrumb","itemListElement":[{"@type":"ListItem","position":1,"name":"Accueil","item":"https:\/\/eclipsesav.com\/"},{"@type":"ListItem","position":2,"name":"Audiovisuel"}]},{"@type":"WebSite","@id":"https:\/\/eclipsesav.com\/en\/#website","url":"https:\/\/eclipsesav.com\/en\/","name":"\u00c9clipse Solutions AV","description":"Audiovisual Specialist","publisher":{"@id":"https:\/\/eclipsesav.com\/en\/#organization"},"potentialAction":[{"@type":"SearchAction","target":{"@type":"EntryPoint","urlTemplate":"https:\/\/eclipsesav.com\/en\/?s={search_term_string}"},"query-input":{"@type":"PropertyValueSpecification","valueRequired":true,"valueName":"search_term_string"}}],"inLanguage":"en-CA"},{"@type":"Organization","@id":"https:\/\/eclipsesav.com\/en\/#organization","name":"Eclipse","url":"https:\/\/eclipsesav.com\/en\/","logo":{"@type":"ImageObject","inLanguage":"en-CA","@id":"https:\/\/eclipsesav.com\/en\/#\/schema\/logo\/image\/","url":"https:\/\/eclipsesav.com\/wp-content\/uploads\/2024\/02\/android-chrome-192x192-1.png","contentUrl":"https:\/\/eclipsesav.com\/wp-content\/uploads\/2024\/02\/android-chrome-192x192-1.png","width":192,"height":192,"caption":"Eclipse"},"image":{"@id":"https:\/\/eclipsesav.com\/en\/#\/schema\/logo\/image\/"},"sameAs":["https:\/\/www.facebook.com\/profile.php?id=100063453648096"]}]}},"_links":{"self":[{"href":"https:\/\/eclipsesav.com\/en\/wp-json\/wp\/v2\/pages\/1311","targetHints":{"allow":["GET"]}}],"collection":[{"href":"https:\/\/eclipsesav.com\/en\/wp-json\/wp\/v2\/pages"}],"about":[{"href":"https:\/\/eclipsesav.com\/en\/wp-json\/wp\/v2\/types\/page"}],"author":[{"embeddable":true,"href":"https:\/\/eclipsesav.com\/en\/wp-json\/wp\/v2\/users\/1"}],"replies":[{"embeddable":true,"href":"https:\/\/eclipsesav.com\/en\/wp-json\/wp\/v2\/comments?post=1311"}],"version-history":[{"count":86,"href":"https:\/\/eclipsesav.com\/en\/wp-json\/wp\/v2\/pages\/1311\/revisions"}],"predecessor-version":[{"id":2716,"href":"https:\/\/eclipsesav.com\/en\/wp-json\/wp\/v2\/pages\/1311\/revisions\/2716"}],"wp:featuredmedia":[{"embeddable":true,"href":"https:\/\/eclipsesav.com\/en\/wp-json\/wp\/v2\/media\/2394"}],"wp:attachment":[{"href":"https:\/\/eclipsesav.com\/en\/wp-json\/wp\/v2\/media?parent=1311"}],"curies":[{"name":"wp","href":"https:\/\/api.w.org\/{rel}","templated":true}]}}