{"id":2745,"date":"2023-05-19T14:42:18","date_gmt":"2023-05-19T18:42:18","guid":{"rendered":"https:\/\/eclipsesav.com\/?page_id=2745"},"modified":"2024-01-12T10:41:00","modified_gmt":"2024-01-12T15:41:00","slug":"politique-de-confidentialite","status":"publish","type":"page","link":"https:\/\/eclipsesav.com\/en\/politique-de-confidentialite\/","title":{"rendered":"Privacy Policy"},"content":{"rendered":"<p><span style=\"font-weight: 400;\">\u00c9clipse Interactif inc. has created this privacy statement in order to demonstrate our firm commitment to privacy. The following discloses the information gathering and dissemination practices for this Website.<\/span><\/p>\n<h2><span style=\"font-weight: 400;\">What Information Does \u00c9clipse Interactif inc.Gather<\/span><\/h2>\n<p><span style=\"font-weight: 400;\">Certain information such as (but not limited to) your name, address, contact numbers, email address, preferences, interests and information relating to customers may be collected by \u00c9clipse Interactif inc. for various purposes.<\/span><span style=\"font-weight: 400;\">\u00a0\u00e0 des fins diverses.<\/span><\/p>\n<p><span style=\"font-weight: 400;\">The choice of how much information is provided is always in your control, however, it should always be borne in mind that certain information may be necessary\/required in order to provide assistance or a service.<\/span><\/p>\n<p><span style=\"font-weight: 400;\">We will not sell, trade or distribute the names, email addresses, or contact information of our subscribers, unless required by law.<\/span><\/p>\n<p><span style=\"font-weight: 400;\">We may use your personal information to send you promotional information about third parties which we think you may find interesting.<\/span><\/p>\n<h2><span style=\"font-weight: 400;\">What We May Do with The Information We Collect<\/span><\/h2>\n<p><span style=\"font-weight: 400;\">\u00c9clipse Interactif inc. uses the personal information collected for the following purposes:\u00a0<\/span><\/p>\n<ol>\n<li style=\"font-weight: 400;\" aria-level=\"1\"><span style=\"font-weight: 400;\">Internal record keeping<\/span><\/li>\n<li style=\"font-weight: 400;\" aria-level=\"1\"><span style=\"font-weight: 400;\">Improvement of products and services<\/span><\/li>\n<li style=\"font-weight: 400;\" aria-level=\"1\"><span style=\"font-weight: 400;\">Promotional communication and any information, including information from third parties we may think you would find interesting<\/span><\/li>\n<li style=\"font-weight: 400;\" aria-level=\"1\"><span style=\"font-weight: 400;\">Improvement and customization of the website.<\/span><\/li>\n<\/ol>\n<p><span style=\"font-weight: 400;\">You can decline to submit personal information to any of our services, in which case \u00c9clipse Interactif inc. may not be able to provide those services to you.<\/span><span style=\"font-weight: 400;\">\u00a0a \u00e0 vous offrir.<\/span><\/p>\n<h2><span style=\"font-weight: 400;\">Personal Information<\/span><\/h2>\n<p><span style=\"font-weight: 400;\">When you sign up for a particular service that requires registration, we ask you to provide personal information. This information will not be used in a manner different than the purpose for which it was collected. \u00c9clipse Interactif inc. will obtain your consent should the information be required for a different purpose. <\/span><span style=\"font-weight: 400;\">devra obtenir votre consentement pr\u00e9alable.<\/span><\/p>\n<p><span style=\"font-weight: 400;\">We collect, use and are responsible for certain personal information about you. When we do so we are regulated under the General Data Protection Regulation (which applies across the European Union) and other data protection laws and we are responsible, as controller, for that personal information for the purposes of those laws.<\/span><\/p>\n<p><span style=\"font-weight: 400;\">We have appointed a data privacy officer who is responsible for overseeing questions in relation to this privacy policy. If you have any questions about this privacy policy, including any requests to exercise your legal rights, please contact the Data Privacy Officer using the details set out below.<\/span><\/p>\n<h2><span style=\"font-weight: 400;\">Contact Details<\/span><\/h2>\n<p><span style=\"font-weight: 400;\">If you have any questions about this privacy policy, you can contact our Data Privacy Officer in the following ways:<\/span><\/p>\n<p><b>Full Name of Legal Entity:<\/b> \u00c9clipse Interactif inc.<\/p>\n<p><b>Name of Data Privacy Officer:<\/b> Dario Provencher<\/p>\n<p><b>Email Address of Officer:<\/b> <span style=\"font-weight: 400;\">info@eclipsesav.com<\/span><\/p>\n<p><b>Postal Address:<\/b><span style=\"font-weight: 400;\"> Qu\u00e9bec, QC, Canada<\/span><\/p>\n<h2><span style=\"font-weight: 400;\">How We Use Cookies<\/span><\/h2>\n<p><span style=\"font-weight: 400;\">A cookie is a small file which requests permission to be placed on your computer\u2019s hard drive. Only once you agree, the file is added and the cookie in question helps to analyze web traffic or lets you know when you visit a particular site.<\/span><\/p>\n<p><span style=\"font-weight: 400;\">Cookies allow web applications to respond to you as an individual. The web application can, as a result of the cookies, tailor its operations to your needs, likes and dislikes by gathering and remembering information about your preferences.<\/span><\/p>\n<p><span style=\"font-weight: 400;\">We use traffic log cookies to identify which pages are being used. This helps us analyze data about the web page traffic and improve our website in order to tailor it to our customer\u2019s needs. The information is only used for statistical purposes and then the data is removed from the system.<\/span><\/p>\n<p><span style=\"font-weight: 400;\">Overall cookies help us provide you with a better website and browsing experience by enabling us to monitor which pages you find useful and which you do not. A cookie does not give us access to your computer or any information about you, other than the data you choose to share with us.<\/span><\/p>\n<p><span style=\"font-weight: 400;\">Cookies may be accepted or declined. Most web browsers automatically accept cookies, but you can usually modify your browser settings to decline cookies if you prefer.<\/span><\/p>\n<p><span style=\"font-weight: 400;\">Please be advised, however, that denying access to cookies may prevent you from taking full advantage of the website.<\/span><\/p>\n<h2><span style=\"font-weight: 400;\">Policy Changes<\/span><\/h2>\n<p><span style=\"font-weight: 400;\">Please note that this privacy statement may change from time to time. We will not reduce your rights under this Policy without your explicit consent, and we expect most of such changes will be minor.<\/span><\/p>\n<h2><span style=\"font-weight: 400;\">How to Contact Us<\/span><\/h2>\n<p><span style=\"font-weight: 400;\">If you have any questions about this privacy policy, the practices of this site or your interactions with this site, you can contact us by email at info@eclipsesav.com<\/span><\/p>","protected":false},"excerpt":{"rendered":"<p>\u00c9clipse Interactif inc. a cr\u00e9\u00e9 cette politique de confidentialit\u00e9 afin de d\u00e9montrer notre engagement envers votre droit \u00e0 la confidentialit\u00e9. La politique suivante d\u00e9crit nos pratiques concernant la collecte de vos renseignements personnels ainsi que leur utilisation dans le cadre de ce site web. Quelles informations recueillent \u00c9clipse Interactif inc. Certaines informations telles que (mais<\/p>","protected":false},"author":1,"featured_media":0,"parent":0,"menu_order":0,"comment_status":"closed","ping_status":"closed","template":"","meta":{"_acf_changed":false,"_monsterinsights_skip_tracking":false,"_monsterinsights_sitenote_active":false,"_monsterinsights_sitenote_note":"","_monsterinsights_sitenote_category":0,"footnotes":""},"class_list":["post-2745","page","type-page","status-publish","hentry"],"acf":[],"yoast_head":"<!-- This site is optimized with the Yoast SEO plugin v25.3.1 - https:\/\/yoast.com\/wordpress\/plugins\/seo\/ -->\n<title>Politique de confidentialit\u00e9 - \u00c9clipse Solutions AV<\/title>\n<meta name=\"robots\" content=\"noindex, nofollow\" \/>\n<meta property=\"og:locale\" content=\"en_US\" \/>\n<meta property=\"og:type\" content=\"article\" \/>\n<meta property=\"og:title\" content=\"Politique de confidentialit\u00e9 - \u00c9clipse Solutions AV\" \/>\n<meta property=\"og:description\" content=\"\u00c9clipse Interactif inc. a cr\u00e9\u00e9 cette politique de confidentialit\u00e9 afin de d\u00e9montrer notre engagement envers votre droit \u00e0 la confidentialit\u00e9. La politique suivante d\u00e9crit nos pratiques concernant la collecte de vos renseignements personnels ainsi que leur utilisation dans le cadre de ce site web. Quelles informations recueillent \u00c9clipse Interactif inc. Certaines informations telles que (mais\" \/>\n<meta property=\"og:url\" content=\"https:\/\/eclipsesav.com\/en\/politique-de-confidentialite\/\" \/>\n<meta property=\"og:site_name\" content=\"\u00c9clipse Solutions AV\" \/>\n<meta property=\"article:publisher\" content=\"https:\/\/www.facebook.com\/profile.php?id=100063453648096\" \/>\n<meta property=\"article:modified_time\" content=\"2024-01-12T15:41:00+00:00\" \/>\n<meta name=\"twitter:card\" content=\"summary_large_image\" \/>\n<meta name=\"twitter:label1\" content=\"Est. reading time\" \/>\n\t<meta name=\"twitter:data1\" content=\"5 minutes\" \/>\n<script type=\"application\/ld+json\" class=\"yoast-schema-graph\">{\"@context\":\"https:\/\/schema.org\",\"@graph\":[{\"@type\":\"WebPage\",\"@id\":\"https:\/\/eclipsesav.com\/politique-de-confidentialite\/\",\"url\":\"https:\/\/eclipsesav.com\/politique-de-confidentialite\/\",\"name\":\"Politique de confidentialit\u00e9 - \u00c9clipse Solutions AV\",\"isPartOf\":{\"@id\":\"https:\/\/eclipsesav.com\/en\/#website\"},\"breadcrumb\":{\"@id\":\"https:\/\/eclipsesav.com\/politique-de-confidentialite\/#breadcrumb\"},\"inLanguage\":\"en-CA\",\"potentialAction\":[{\"@type\":\"ReadAction\",\"target\":[\"https:\/\/eclipsesav.com\/politique-de-confidentialite\/\"]}]},{\"@type\":\"BreadcrumbList\",\"@id\":\"https:\/\/eclipsesav.com\/politique-de-confidentialite\/#breadcrumb\",\"itemListElement\":[{\"@type\":\"ListItem\",\"position\":1,\"name\":\"Accueil\",\"item\":\"https:\/\/eclipsesav.com\/\"},{\"@type\":\"ListItem\",\"position\":2,\"name\":\"Politique de confidentialit\u00e9\"}]},{\"@type\":\"WebSite\",\"@id\":\"https:\/\/eclipsesav.com\/en\/#website\",\"url\":\"https:\/\/eclipsesav.com\/en\/\",\"name\":\"\u00c9clipse Solutions AV\",\"description\":\"Sp\u00e9cialiste en audiovisuel\",\"publisher\":{\"@id\":\"https:\/\/eclipsesav.com\/en\/#organization\"},\"potentialAction\":[{\"@type\":\"SearchAction\",\"target\":{\"@type\":\"EntryPoint\",\"urlTemplate\":\"https:\/\/eclipsesav.com\/en\/?s={search_term_string}\"},\"query-input\":{\"@type\":\"PropertyValueSpecification\",\"valueRequired\":true,\"valueName\":\"search_term_string\"}}],\"inLanguage\":\"en-CA\"},{\"@type\":\"Organization\",\"@id\":\"https:\/\/eclipsesav.com\/en\/#organization\",\"name\":\"Eclipse\",\"url\":\"https:\/\/eclipsesav.com\/en\/\",\"logo\":{\"@type\":\"ImageObject\",\"inLanguage\":\"en-CA\",\"@id\":\"https:\/\/eclipsesav.com\/en\/#\/schema\/logo\/image\/\",\"url\":\"https:\/\/eclipsesav.com\/wp-content\/uploads\/2024\/02\/android-chrome-192x192-1.png\",\"contentUrl\":\"https:\/\/eclipsesav.com\/wp-content\/uploads\/2024\/02\/android-chrome-192x192-1.png\",\"width\":192,\"height\":192,\"caption\":\"Eclipse\"},\"image\":{\"@id\":\"https:\/\/eclipsesav.com\/en\/#\/schema\/logo\/image\/\"},\"sameAs\":[\"https:\/\/www.facebook.com\/profile.php?id=100063453648096\"]}]}<\/script>\n<!-- \/ Yoast SEO plugin. -->","yoast_head_json":{"title":"Politique de confidentialit\u00e9 - \u00c9clipse Solutions AV","robots":{"index":"noindex","follow":"nofollow"},"og_locale":"en_US","og_type":"article","og_title":"Politique de confidentialit\u00e9 - \u00c9clipse Solutions AV","og_description":"\u00c9clipse Interactif inc. a cr\u00e9\u00e9 cette politique de confidentialit\u00e9 afin de d\u00e9montrer notre engagement envers votre droit \u00e0 la confidentialit\u00e9. La politique suivante d\u00e9crit nos pratiques concernant la collecte de vos renseignements personnels ainsi que leur utilisation dans le cadre de ce site web. Quelles informations recueillent \u00c9clipse Interactif inc. Certaines informations telles que (mais","og_url":"https:\/\/eclipsesav.com\/en\/politique-de-confidentialite\/","og_site_name":"\u00c9clipse Solutions AV","article_publisher":"https:\/\/www.facebook.com\/profile.php?id=100063453648096","article_modified_time":"2024-01-12T15:41:00+00:00","twitter_card":"summary_large_image","twitter_misc":{"Est. reading time":"5 minutes"},"schema":{"@context":"https:\/\/schema.org","@graph":[{"@type":"WebPage","@id":"https:\/\/eclipsesav.com\/politique-de-confidentialite\/","url":"https:\/\/eclipsesav.com\/politique-de-confidentialite\/","name":"Politique de confidentialit\u00e9 - \u00c9clipse Solutions AV","isPartOf":{"@id":"https:\/\/eclipsesav.com\/en\/#website"},"breadcrumb":{"@id":"https:\/\/eclipsesav.com\/politique-de-confidentialite\/#breadcrumb"},"inLanguage":"en-CA","potentialAction":[{"@type":"ReadAction","target":["https:\/\/eclipsesav.com\/politique-de-confidentialite\/"]}]},{"@type":"BreadcrumbList","@id":"https:\/\/eclipsesav.com\/politique-de-confidentialite\/#breadcrumb","itemListElement":[{"@type":"ListItem","position":1,"name":"Accueil","item":"https:\/\/eclipsesav.com\/"},{"@type":"ListItem","position":2,"name":"Politique de confidentialit\u00e9"}]},{"@type":"WebSite","@id":"https:\/\/eclipsesav.com\/en\/#website","url":"https:\/\/eclipsesav.com\/en\/","name":"\u00c9clipse Solutions AV","description":"Sp\u00e9cialiste en audiovisuel","publisher":{"@id":"https:\/\/eclipsesav.com\/en\/#organization"},"potentialAction":[{"@type":"SearchAction","target":{"@type":"EntryPoint","urlTemplate":"https:\/\/eclipsesav.com\/en\/?s={search_term_string}"},"query-input":{"@type":"PropertyValueSpecification","valueRequired":true,"valueName":"search_term_string"}}],"inLanguage":"en-CA"},{"@type":"Organization","@id":"https:\/\/eclipsesav.com\/en\/#organization","name":"Eclipse","url":"https:\/\/eclipsesav.com\/en\/","logo":{"@type":"ImageObject","inLanguage":"en-CA","@id":"https:\/\/eclipsesav.com\/en\/#\/schema\/logo\/image\/","url":"https:\/\/eclipsesav.com\/wp-content\/uploads\/2024\/02\/android-chrome-192x192-1.png","contentUrl":"https:\/\/eclipsesav.com\/wp-content\/uploads\/2024\/02\/android-chrome-192x192-1.png","width":192,"height":192,"caption":"Eclipse"},"image":{"@id":"https:\/\/eclipsesav.com\/en\/#\/schema\/logo\/image\/"},"sameAs":["https:\/\/www.facebook.com\/profile.php?id=100063453648096"]}]}},"_links":{"self":[{"href":"https:\/\/eclipsesav.com\/en\/wp-json\/wp\/v2\/pages\/2745","targetHints":{"allow":["GET"]}}],"collection":[{"href":"https:\/\/eclipsesav.com\/en\/wp-json\/wp\/v2\/pages"}],"about":[{"href":"https:\/\/eclipsesav.com\/en\/wp-json\/wp\/v2\/types\/page"}],"author":[{"embeddable":true,"href":"https:\/\/eclipsesav.com\/en\/wp-json\/wp\/v2\/users\/1"}],"replies":[{"embeddable":true,"href":"https:\/\/eclipsesav.com\/en\/wp-json\/wp\/v2\/comments?post=2745"}],"version-history":[{"count":3,"href":"https:\/\/eclipsesav.com\/en\/wp-json\/wp\/v2\/pages\/2745\/revisions"}],"predecessor-version":[{"id":2848,"href":"https:\/\/eclipsesav.com\/en\/wp-json\/wp\/v2\/pages\/2745\/revisions\/2848"}],"wp:attachment":[{"href":"https:\/\/eclipsesav.com\/en\/wp-json\/wp\/v2\/media?parent=2745"}],"curies":[{"name":"wp","href":"https:\/\/api.w.org\/{rel}","templated":true}]}}